{"id":257,"date":"2022-03-15T11:43:18","date_gmt":"2022-03-15T11:43:18","guid":{"rendered":"https:\/\/vllfund.org\/index.php\/home\/"},"modified":"2024-11-05T09:24:30","modified_gmt":"2024-11-05T08:24:30","slug":"home","status":"publish","type":"page","link":"https:\/\/vllfund.org\/","title":{"rendered":"Accueil"},"content":{"rendered":"\n<div class=\"wp-block-uagb-container uagb-block-999315b8 alignfull uagb-is-root-container\"><div class=\"uagb-container-inner-blocks-wrap\">\n<div style=\"height:100px\" aria-hidden=\"true\" class=\"wp-block-spacer\"><\/div>\n\n\n\n<div class=\"wp-block-uagb-advanced-heading uagb-block-1e03667b\"><\/div>\n\n\n\n<div class=\"wp-block-group is-layout-constrained wp-block-group-is-layout-constrained\">\n<div class=\"wp-block-uagb-advanced-heading uagb-block-669d1aa1\"><h2 class=\"uagb-heading-text\">Fonds de dotation<\/h2><\/div>\n\n\n\n<div class=\"wp-block-uagb-advanced-heading uagb-block-5d363643\"><h1 class=\"uagb-heading-text\">Valery Lucas-Leclin<\/h1><\/div>\n\n\n\n<div class=\"wp-block-uagb-advanced-heading uagb-block-8a8e7bf0\"><h2 class=\"uagb-heading-text\">pour l&#8217;investissement responsable et la finance durable <\/h2><p class=\"uagb-desc-text\"> <\/p><\/div>\n\n\n\n<div class=\"wp-block-uagb-buttons uagb-buttons__outer-wrap uagb-btn__default-btn uagb-btn-tablet__default-btn uagb-btn-mobile__default-btn uagb-block-a3e46968\"><div class=\"uagb-buttons__wrap uagb-buttons-layout-wrap\">\n<div class=\"wp-block-uagb-buttons-child uagb-buttons__outer-wrap uagb-block-3e4efb1c wp-block-button is-style-outline\"><div class=\"uagb-button__wrapper\"><a class=\"uagb-buttons-repeater wp-block-button__link\" href=\"https:\/\/vllfund.org\/index.php\/home\/genese-bis\/\" onclick=\"return true;\" rel=\"follow noopener\" target=\"_self\"><div class=\"uagb-button__link\">Gen\u00e8se<\/div><span class=\"uagb-button__icon uagb-button__icon-position-after\"><svg xmlns=\"https:\/\/www.w3.org\/2000\/svg\" viewBox=\"0 0 448 512\"><path d=\"M438.6 278.6l-160 160C272.4 444.9 264.2 448 256 448s-16.38-3.125-22.62-9.375c-12.5-12.5-12.5-32.75 0-45.25L338.8 288H32C14.33 288 .0016 273.7 .0016 256S14.33 224 32 224h306.8l-105.4-105.4c-12.5-12.5-12.5-32.75 0-45.25s32.75-12.5 45.25 0l160 160C451.1 245.9 451.1 266.1 438.6 278.6z\"><\/path><\/svg><\/span><\/a><\/div><\/div>\n\n\n\n<div class=\"wp-block-uagb-buttons-child uagb-buttons__outer-wrap uagb-block-e4b76b1e wp-block-button\"><div class=\"uagb-button__wrapper\"><a class=\"uagb-buttons-repeater wp-block-button__link\" href=\"https:\/\/vllfund.org\/index.php\/a-propos-de-valery-lucas-leclin\/\" onclick=\"return true;\" rel=\"follow noopener\" target=\"_self\"><div class=\"uagb-button__link\">A propos de Valery Lucas-Leclin <\/div><span class=\"uagb-button__icon uagb-button__icon-position-after\"><svg xmlns=\"https:\/\/www.w3.org\/2000\/svg\" viewBox=\"0 0 448 512\"><path d=\"M438.6 278.6l-160 160C272.4 444.9 264.2 448 256 448s-16.38-3.125-22.62-9.375c-12.5-12.5-12.5-32.75 0-45.25L338.8 288H32C14.33 288 .0016 273.7 .0016 256S14.33 224 32 224h306.8l-105.4-105.4c-12.5-12.5-12.5-32.75 0-45.25s32.75-12.5 45.25 0l160 160C451.1 245.9 451.1 266.1 438.6 278.6z\"><\/path><\/svg><\/span><\/a><\/div><\/div>\n<\/div><\/div>\n<\/div>\n\n\n\n<div class=\"wp-block-uagb-container uagb-block-a4a16a4e alignfull uagb-is-root-container\"><div class=\"uagb-container-inner-blocks-wrap\">\n<div class=\"wp-block-uagb-container uagb-block-a5f5519c\">\n<figure class=\"wp-block-image size-large\"><img loading=\"lazy\" decoding=\"async\" width=\"767\" height=\"1024\" src=\"https:\/\/vllfund.org\/wp-content\/uploads\/2023\/09\/justin-kauffman-449060-unsplash-767x1024.jpg\" alt=\"\" class=\"wp-image-1585\" srcset=\"https:\/\/vllfund.org\/wp-content\/uploads\/2023\/09\/justin-kauffman-449060-unsplash-767x1024.jpg 767w, https:\/\/vllfund.org\/wp-content\/uploads\/2023\/09\/justin-kauffman-449060-unsplash-225x300.jpg 225w, https:\/\/vllfund.org\/wp-content\/uploads\/2023\/09\/justin-kauffman-449060-unsplash-768x1025.jpg 768w, https:\/\/vllfund.org\/wp-content\/uploads\/2023\/09\/justin-kauffman-449060-unsplash-1151x1536.jpg 1151w, https:\/\/vllfund.org\/wp-content\/uploads\/2023\/09\/justin-kauffman-449060-unsplash-1535x2048.jpg 1535w, https:\/\/vllfund.org\/wp-content\/uploads\/2023\/09\/justin-kauffman-449060-unsplash-scaled.jpg 1919w\" sizes=\"auto, (max-width: 767px) 100vw, 767px\" \/><\/figure>\n<\/div>\n\n\n\n<div class=\"wp-block-uagb-container uagb-block-16e18455\">\n<div class=\"wp-block-uagb-advanced-heading uagb-block-1aa64f81\"><h4 class=\"uagb-heading-text\"><em>\u201c<\/em>Nous pouvons tomber encore et encore, nous pouvons \u00e9chouer, nous pouvons commettre de nouvelles erreurs. Mais nous ne devons jamais renoncer, ne jamais abandonner, car l\u2019investissement responsable porte trop d\u2019enjeux pour notre plan\u00e8te comme nos soci\u00e9t\u00e9s<strong><em>&nbsp;<\/em><\/strong>.\u201d<\/h4><\/div>\n\n\n\n<div style=\"height:100px\" aria-hidden=\"true\" class=\"wp-block-spacer\"><\/div>\n\n\n\n<div class=\"wp-block-uagb-advanced-heading uagb-block-dc8e78fc\"><h4 class=\"uagb-heading-text\">Valery Lucas-Leclin<\/h4><\/div>\n<\/div>\n<\/div><\/div>\n\n\n\n<div class=\"wp-block-uagb-container uagb-block-b9214b4f alignfull uagb-is-root-container\"><div class=\"uagb-container-inner-blocks-wrap\">\n<div class=\"wp-block-uagb-container uagb-block-590ec29f\">\n<div class=\"wp-block-uagb-advanced-heading uagb-block-6c6d05c3\"><h4 class=\"uagb-heading-text\">Notre ambition<\/h4><\/div>\n\n\n\n<div class=\"wp-block-uagb-advanced-heading uagb-block-955b29ab\"><h2 class=\"uagb-heading-text\">Pr\u00e9server l&#8217;histoire de l&#8217;ISR pour \u00e9clairer son futur<\/h2><\/div>\n\n\n\n<p>Le fonds de dotation Valery Lucas-Leclin a 3 grands objectifs : il vise tout d&#8217;abord la cr\u00e9ation d&#8217;un centre d\u2019expertise international de r\u00e9f\u00e9rence en mati\u00e8re d\u2019investissement responsable et de finance durable, qui aura notamment une mission d&#8217;archivage de donn\u00e9es pour tous ceux qui travaillent sur les origines du mouvement<\/p>\n<\/div>\n\n\n\n<div class=\"wp-block-uagb-container uagb-block-d69616cc\">\n<div class=\"wp-block-uagb-advanced-heading uagb-block-537f490e\"><p class=\"uagb-heading-text\">Le fonds VLL a \u00e9galement pour ambition d&#8217;\u00e9clairer le d\u00e9bat sur les questions li\u00e9es \u00e0 l\u2019investissement responsable et \u00e0 la finance durable organisation d&#8217;\u00e9v\u00e9nements et de colloques et \u00e0 contribuer \u00e0 la diffusion des bonnes pratiques grace l&#8217;organisation de d\u00e9bats et \u00e9v\u00e8nements au sein d la fili\u00e8re et le support apport\u00e9 au monde de la recherche.<\/p><\/div>\n<\/div>\n<\/div><\/div>\n<\/div><\/div>\n\n\n\n<div class=\"wp-block-group has-ast-global-color-1-background-color has-background is-layout-constrained wp-block-group-is-layout-constrained\">\n<div class=\"wp-block-uagb-container uagb-block-df2714ba alignfull uagb-is-root-container\"><div class=\"uagb-container-inner-blocks-wrap\">\n<div class=\"wp-block-uagb-container uagb-block-da3ffb52 alignfull uagb-is-root-container\"><div class=\"uagb-container-inner-blocks-wrap\">\n<div class=\"wp-block-uagb-container uagb-block-542837a7\">\n<div class=\"wp-block-uagb-advanced-heading uagb-block-731dc90b\"><h2 class=\"uagb-heading-text\">Nos actions prioritaires :<\/h2><\/div>\n<\/div>\n\n\n\n<div class=\"wp-block-uagb-container uagb-block-cd789439\"><\/div>\n<\/div><\/div>\n\n\n\n<div class=\"wp-block-uagb-container uagb-block-4a6efd19 alignfull uagb-is-root-container\"><div class=\"uagb-container-inner-blocks-wrap\">\n<div class=\"wp-block-uagb-container uagb-block-b4d70e72\">\n<div class=\"wp-block-uagb-info-box uagb-block-ea4cb7bf uagb-infobox__content-wrap  uagb-infobox-icon-above-title uagb-infobox-image-valign-top\"><div class=\"uagb-ifb-content\"><div class=\"uagb-ifb-title-wrap\"><h3 class=\"uagb-ifb-title\">Eclairer les d\u00e9bats \u00e0 travers l&#8217;histoire<\/h3><\/div><p class=\"uagb-ifb-desc\">Identifier les enjeux, les freins au d\u00e9veloppement de l\u2019investissement responsable, les facteurs de succ\u00e8s et les \u00e9volutions n\u00e9cessaires<\/p><\/div><\/div>\n<\/div>\n\n\n\n<div class=\"wp-block-uagb-container uagb-block-9b10aa70\">\n<div class=\"wp-block-uagb-info-box uagb-block-ad99cb11 uagb-infobox__content-wrap  uagb-infobox-icon-above-title uagb-infobox-image-valign-top\"><div class=\"uagb-ifb-content\"><div class=\"uagb-ifb-title-wrap\"><h3 class=\"uagb-ifb-title\">Soutenir la recherche<\/h3><\/div><p class=\"uagb-ifb-desc\">Accompagner et soutenir la recherche scientifique publique et priv\u00e9e en mati\u00e8re d\u2019investissement responsable et de finance durable<\/p><\/div><\/div>\n<\/div>\n\n\n\n<div class=\"wp-block-uagb-container uagb-block-1309a94c\">\n<div class=\"wp-block-uagb-info-box uagb-block-3fbd8eed uagb-infobox__content-wrap  uagb-infobox-icon-above-title uagb-infobox-image-valign-top\"><div class=\"uagb-ifb-content\"><div class=\"uagb-ifb-title-wrap\"><h3 class=\"uagb-ifb-title\">Favoriser la collaboration <\/h3><\/div><p class=\"uagb-ifb-desc\">Contribuer au rapprochement entre la recherche et la pratique en mati\u00e8re d\u2019investissement responsable dans le but d\u2019un enrichissement mutuel<\/p><\/div><\/div>\n<\/div>\n<\/div><\/div>\n\n\n\n<div class=\"wp-block-buttons is-content-justification-center is-layout-flex wp-container-core-buttons-is-layout-098cc607 wp-block-buttons-is-layout-flex\">\n<div class=\"wp-block-button\"><a class=\"wp-block-button__link wp-element-button\" href=\"https:\/\/vllfund.org\/index.php\/mission\/\">En savoir plus<\/a><\/div>\n<\/div>\n<\/div><\/div>\n<\/div>\n\n\n\n<div class=\"wp-block-uagb-container uagb-block-b0488b97 alignfull uagb-is-root-container\"><div class=\"uagb-container-inner-blocks-wrap\">\n<div class=\"wp-block-uagb-container uagb-block-95e67250 alignfull uagb-is-root-container\"><div class=\"uagb-container-inner-blocks-wrap\">\n<div class=\"wp-block-uagb-container uagb-block-5d1d0346\">\n<div class=\"wp-block-uagb-advanced-heading uagb-block-ed2ad346\"><p class=\"uagb-heading-text\">Revue de presse<\/p><\/div>\n\n\n\n<div class=\"wp-block-uagb-advanced-heading uagb-block-d16d581d\"><h2 class=\"uagb-heading-text\">Ils parlent de Valery<\/h2><\/div>\n<\/div>\n\n\n\n<div class=\"wp-block-uagb-container uagb-block-a6802e8b\"><\/div>\n<\/div><\/div>\n\n\n\n<div class=\"wp-block-uagb-container uagb-block-8dc642ec alignfull uagb-is-root-container\"><div class=\"uagb-container-inner-blocks-wrap\">\n<div class=\"wp-block-uagb-container uagb-block-1bee3ebc\">\n<div class=\"wp-block-uagb-info-box uagb-block-4b2e800e uagb-infobox__content-wrap  uagb-infobox-icon-above-title uagb-infobox-image-valign-top\"><div class=\"uagb-ifb-content\"><div class=\"uagb-ifb-title-wrap\"><h4 class=\"uagb-ifb-title\">Novethic<\/h4><\/div><p class=\"uagb-ifb-desc\">Avec Val\u00e9ry Lucas-Leclin dispara\u00eet un chercheur pr\u00e9cieux pour la finance durable<\/p><div class=\"uagb-ifb-button-wrapper wp-block-button\"><a href=\"https:\/\/lessentiel.novethic.fr\/blog\/l-actu-1\/post\/avec-valery-lucas-leclin-disparait-un-chercheur-precieux-pour-la-finance-durable-1205\" class=\"uagb-infobox-cta-link wp-block-button__link\" target=\"_blank\" rel=\"noopener noreferrer\" onclick=\"return true;\" alt=\"\"><span class=\"uagb-inline-editing\">lire<\/span><svg xmlns=\"https:\/\/www.w3.org\/2000\/svg\" viewBox=\"0 0 512 512\"><path d=\"M502.6 278.6l-128 128c-12.51 12.51-32.76 12.49-45.25 0c-12.5-12.5-12.5-32.75 0-45.25L402.8 288H32C14.31 288 0 273.7 0 255.1S14.31 224 32 224h370.8l-73.38-73.38c-12.5-12.5-12.5-32.75 0-45.25s32.75-12.5 45.25 0l128 128C515.1 245.9 515.1 266.1 502.6 278.6z\"><\/path><\/svg><\/a><\/div><\/div><\/div>\n<\/div>\n\n\n\n<div class=\"wp-block-uagb-container uagb-block-cf47c03f\">\n<div class=\"wp-block-uagb-info-box uagb-block-203d6691 uagb-infobox__content-wrap  uagb-infobox-icon-above-title uagb-infobox-image-valign-top\"><div class=\"uagb-ifb-content\"><div class=\"uagb-ifb-title-wrap\"><h4 class=\"uagb-ifb-title\">Responsible Investor<\/h4><\/div><p class=\"uagb-ifb-desc\">Sustainable finance pioneer Valery Lucas-Leclin dies<\/p><div class=\"uagb-ifb-button-wrapper wp-block-button\"><a href=\"https:\/\/www.responsible-investor.com\/sustainable-finance-pioneer-valery-lucas-leclin-dies\/\" class=\"uagb-infobox-cta-link wp-block-button__link\" target=\"_blank\" rel=\"noopener noreferrer\" onclick=\"return true;\" alt=\"\"><span class=\"uagb-inline-editing\">Lire<\/span><svg xmlns=\"https:\/\/www.w3.org\/2000\/svg\" viewBox=\"0 0 512 512\"><path d=\"M502.6 278.6l-128 128c-12.51 12.51-32.76 12.49-45.25 0c-12.5-12.5-12.5-32.75 0-45.25L402.8 288H32C14.31 288 0 273.7 0 255.1S14.31 224 32 224h370.8l-73.38-73.38c-12.5-12.5-12.5-32.75 0-45.25s32.75-12.5 45.25 0l128 128C515.1 245.9 515.1 266.1 502.6 278.6z\"><\/path><\/svg><\/a><\/div><\/div><\/div>\n<\/div>\n\n\n\n<div class=\"wp-block-uagb-container uagb-block-ecc444a0\">\n<div class=\"wp-block-uagb-info-box uagb-block-a6edb1e1 uagb-infobox__content-wrap  uagb-infobox-icon-above-title uagb-infobox-image-valign-top\"><div class=\"uagb-ifb-content\"><div class=\"uagb-ifb-title-wrap\"><h4 class=\"uagb-ifb-title\">BigTXN<\/h4><\/div><p class=\"uagb-ifb-desc\">In Memoriam Valery Lucas-Leclin<\/p><div class=\"uagb-ifb-button-wrapper wp-block-button\"><a href=\"https:\/\/www.bigtxn.com\/insights\/in-memoriam-valery-lucas-leclin\" class=\"uagb-infobox-cta-link wp-block-button__link\" target=\"_blank\" rel=\"noopener noreferrer\" onclick=\"return true;\" alt=\"\"><span class=\"uagb-inline-editing\">Lire<\/span><svg xmlns=\"https:\/\/www.w3.org\/2000\/svg\" viewBox=\"0 0 512 512\"><path d=\"M502.6 278.6l-128 128c-12.51 12.51-32.76 12.49-45.25 0c-12.5-12.5-12.5-32.75 0-45.25L402.8 288H32C14.31 288 0 273.7 0 255.1S14.31 224 32 224h370.8l-73.38-73.38c-12.5-12.5-12.5-32.75 0-45.25s32.75-12.5 45.25 0l128 128C515.1 245.9 515.1 266.1 502.6 278.6z\"><\/path><\/svg><\/a><\/div><\/div><\/div>\n<\/div>\n<\/div><\/div>\n<\/div><\/div>\n","protected":false},"excerpt":{"rendered":"<p>Fonds de dotation Valery Lucas-Leclin pour l&#8217;investissement responsable et la finance durable \u201cNous pouvons tomber encore et encore, nous pouvons \u00e9chouer, nous pouvons commettre de nouvelles erreurs. Mais nous ne devons jamais renoncer, ne jamais abandonner, car l\u2019investissement responsable porte trop d\u2019enjeux pour notre plan\u00e8te comme nos soci\u00e9t\u00e9s&nbsp;.\u201d Valery Lucas-Leclin Notre ambition Pr\u00e9server l&#8217;histoire de &hellip;<\/p>\n<p class=\"read-more\"> <a class=\"\" href=\"https:\/\/vllfund.org\/\"> <span class=\"screen-reader-text\">Accueil<\/span> Read More &raquo;<\/a><\/p>\n","protected":false},"author":1,"featured_media":0,"parent":0,"menu_order":0,"comment_status":"closed","ping_status":"closed","template":"","meta":{"_uag_custom_page_level_css":"","site-sidebar-layout":"no-sidebar","site-content-layout":"plain-container","ast-site-content-layout":"full-width-container","site-content-style":"unboxed","site-sidebar-style":"unboxed","ast-global-header-display":"","ast-banner-title-visibility":"","ast-main-header-display":"","ast-hfb-above-header-display":"","ast-hfb-below-header-display":"","ast-hfb-mobile-header-display":"","site-post-title":"disabled","ast-breadcrumbs-content":"","ast-featured-img":"disabled","footer-sml-layout":"","theme-transparent-header-meta":"enabled","adv-header-id-meta":"","stick-header-meta":"","header-above-stick-meta":"","header-main-stick-meta":"","header-below-stick-meta":"","astra-migrate-meta-layouts":"set","footnotes":""},"class_list":["post-257","page","type-page","status-publish","hentry"],"uagb_featured_image_src":{"full":false,"thumbnail":false,"medium":false,"medium_large":false,"large":false,"1536x1536":false,"2048x2048":false},"uagb_author_info":{"display_name":"admin5941","author_link":"https:\/\/vllfund.org\/index.php\/author\/admin5941\/"},"uagb_comment_info":0,"uagb_excerpt":"Fonds de dotation Valery Lucas-Leclin pour l&#8217;investissement responsable et la finance durable \u201cNous pouvons tomber encore et encore, nous pouvons \u00e9chouer, nous pouvons commettre de nouvelles erreurs. Mais nous ne devons jamais renoncer, ne jamais abandonner, car l\u2019investissement responsable porte trop d\u2019enjeux pour notre plan\u00e8te comme nos soci\u00e9t\u00e9s&nbsp;.\u201d Valery Lucas-Leclin Notre ambition Pr\u00e9server l&#8217;histoire de&hellip;","_links":{"self":[{"href":"https:\/\/vllfund.org\/index.php\/wp-json\/wp\/v2\/pages\/257","targetHints":{"allow":["GET"]}}],"collection":[{"href":"https:\/\/vllfund.org\/index.php\/wp-json\/wp\/v2\/pages"}],"about":[{"href":"https:\/\/vllfund.org\/index.php\/wp-json\/wp\/v2\/types\/page"}],"author":[{"embeddable":true,"href":"https:\/\/vllfund.org\/index.php\/wp-json\/wp\/v2\/users\/1"}],"replies":[{"embeddable":true,"href":"https:\/\/vllfund.org\/index.php\/wp-json\/wp\/v2\/comments?post=257"}],"version-history":[{"count":33,"href":"https:\/\/vllfund.org\/index.php\/wp-json\/wp\/v2\/pages\/257\/revisions"}],"predecessor-version":[{"id":1685,"href":"https:\/\/vllfund.org\/index.php\/wp-json\/wp\/v2\/pages\/257\/revisions\/1685"}],"wp:attachment":[{"href":"https:\/\/vllfund.org\/index.php\/wp-json\/wp\/v2\/media?parent=257"}],"curies":[{"name":"wp","href":"https:\/\/api.w.org\/{rel}","templated":true}]}}